{"id":21,"date":"2025-05-15T11:25:51","date_gmt":"2025-05-15T09:25:51","guid":{"rendered":"https:\/\/www.tmp.emplettes-cagettes.fr\/?page_id=21"},"modified":"2026-02-26T16:42:52","modified_gmt":"2026-02-26T15:42:52","slug":"comment-fonctionne-emplettes-cagettes","status":"publish","type":"page","link":"https:\/\/www.tmp.emplettes-cagettes.fr\/index.php\/comment-fonctionne-emplettes-cagettes\/","title":{"rendered":"Infos Pratiques"},"content":{"rendered":"\t\t<div data-elementor-type=\"wp-page\" data-elementor-id=\"21\" class=\"elementor elementor-21\">\n\t\t\t\t\t\t<section class=\"elementor-section elementor-top-section elementor-element elementor-element-cf4acc3 elementor-section-height-min-height elementor-section-boxed elementor-section-height-default elementor-section-items-middle\" data-id=\"cf4acc3\" data-element_type=\"section\" data-e-type=\"section\" data-settings=\"{&quot;background_background&quot;:&quot;classic&quot;}\">\n\t\t\t\t\t\t\t<div class=\"elementor-background-overlay\"><\/div>\n\t\t\t\t\t\t\t<div class=\"elementor-container elementor-column-gap-default\">\n\t\t\t\t\t<div class=\"elementor-column elementor-col-100 elementor-top-column elementor-element elementor-element-f8e8bb5\" data-id=\"f8e8bb5\" data-element_type=\"column\" data-e-type=\"column\">\n\t\t\t<div class=\"elementor-widget-wrap elementor-element-populated\">\n\t\t\t\t\t\t<section class=\"elementor-section elementor-inner-section elementor-element elementor-element-4400fce elementor-section-boxed elementor-section-height-default elementor-section-height-default\" data-id=\"4400fce\" data-element_type=\"section\" data-e-type=\"section\">\n\t\t\t\t\t\t<div class=\"elementor-container elementor-column-gap-default\">\n\t\t\t\t\t<div class=\"elementor-column elementor-col-50 elementor-inner-column elementor-element elementor-element-7392859\" data-id=\"7392859\" data-element_type=\"column\" data-e-type=\"column\">\n\t\t\t<div class=\"elementor-widget-wrap elementor-element-populated\">\n\t\t\t\t\t\t<div class=\"elementor-element elementor-element-a690152 elementor-widget-tablet__width-initial elementor-widget elementor-widget-elementskit-heading\" data-id=\"a690152\" data-element_type=\"widget\" data-e-type=\"widget\" data-widget_type=\"elementskit-heading.default\">\n\t\t\t\t<div class=\"elementor-widget-container\">\n\t\t\t\t\t<div class=\"ekit-wid-con\" ><div class=\"ekit-heading elementskit-section-title-wraper text_left   ekit_heading_tablet-   ekit_heading_mobile-\"><h1 class=\"ekit-heading--title elementskit-section-title \">Les infos pratiques<\/h1><\/div><\/div>\t\t\t\t<\/div>\n\t\t\t\t<\/div>\n\t\t\t\t\t<\/div>\n\t\t<\/div>\n\t\t\t\t<div class=\"elementor-column elementor-col-50 elementor-inner-column elementor-element elementor-element-e9ad567\" data-id=\"e9ad567\" data-element_type=\"column\" data-e-type=\"column\">\n\t\t\t<div class=\"elementor-widget-wrap\">\n\t\t\t\t\t\t\t<\/div>\n\t\t<\/div>\n\t\t\t\t\t<\/div>\n\t\t<\/section>\n\t\t\t\t\t<\/div>\n\t\t<\/div>\n\t\t\t\t\t<\/div>\n\t\t<\/section>\n\t\t<div class=\"elementor-element elementor-element-61e1467 e-flex e-con-boxed e-con e-parent\" data-id=\"61e1467\" data-element_type=\"container\" data-e-type=\"container\">\n\t\t\t\t\t<div class=\"e-con-inner\">\n\t\t<div class=\"elementor-element elementor-element-cfd5e8e e-con-full e-flex e-con e-child\" data-id=\"cfd5e8e\" data-element_type=\"container\" data-e-type=\"container\">\n\t\t\t\t<div class=\"elementor-element elementor-element-b6e86b7 elementor-widget elementor-widget-menu-anchor\" data-id=\"b6e86b7\" data-element_type=\"widget\" data-e-type=\"widget\" data-widget_type=\"menu-anchor.default\">\n\t\t\t\t<div class=\"elementor-widget-container\">\n\t\t\t\t\t\t\t<div class=\"elementor-menu-anchor\" id=\"participer\"><\/div>\n\t\t\t\t\t\t<\/div>\n\t\t\t\t<\/div>\n\t\t\t\t<\/div>\n\t\t\t\t\t<\/div>\n\t\t\t\t<\/div>\n\t\t<div class=\"elementor-element elementor-element-f5289b5 e-flex e-con-boxed e-con e-parent\" data-id=\"f5289b5\" data-element_type=\"container\" data-e-type=\"container\">\n\t\t\t\t\t<div class=\"e-con-inner\">\n\t\t\t\t<div class=\"elementor-element elementor-element-75fd590 elementor-widget elementor-widget-image\" data-id=\"75fd590\" data-element_type=\"widget\" data-e-type=\"widget\" data-widget_type=\"image.default\">\n\t\t\t\t<div class=\"elementor-widget-container\">\n\t\t\t\t\t\t\t\t\t\t\t\t\t\t\t<img fetchpriority=\"high\" decoding=\"async\" width=\"724\" height=\"1024\" src=\"https:\/\/www.tmp.emplettes-cagettes.fr\/wp-content\/uploads\/2026\/01\/Fiche-Adhesions-724x1024.png\" class=\"attachment-large size-large wp-image-1932\" alt=\"\" srcset=\"https:\/\/www.tmp.emplettes-cagettes.fr\/wp-content\/uploads\/2026\/01\/Fiche-Adhesions-724x1024.png 724w, https:\/\/www.tmp.emplettes-cagettes.fr\/wp-content\/uploads\/2026\/01\/Fiche-Adhesions-212x300.png 212w, https:\/\/www.tmp.emplettes-cagettes.fr\/wp-content\/uploads\/2026\/01\/Fiche-Adhesions-768x1086.png 768w, https:\/\/www.tmp.emplettes-cagettes.fr\/wp-content\/uploads\/2026\/01\/Fiche-Adhesions-1086x1536.png 1086w, https:\/\/www.tmp.emplettes-cagettes.fr\/wp-content\/uploads\/2026\/01\/Fiche-Adhesions.png 1414w\" sizes=\"(max-width: 724px) 100vw, 724px\" \/>\t\t\t\t\t\t\t\t\t\t\t\t\t\t\t<\/div>\n\t\t\t\t<\/div>\n\t\t<div class=\"elementor-element elementor-element-e1b7f18 e-con-full e-flex e-con e-child\" data-id=\"e1b7f18\" data-element_type=\"container\" data-e-type=\"container\">\n\t\t\t\t<div class=\"elementor-element elementor-element-2da57fb elementor-widget elementor-widget-text-editor\" data-id=\"2da57fb\" data-element_type=\"widget\" data-e-type=\"widget\" data-widget_type=\"text-editor.default\">\n\t\t\t\t<div class=\"elementor-widget-container\">\n\t\t\t\t\t\t\t\t\t<p>Vous pouvez t\u00e9l\u00e9charger la fiche d&rsquo;adh\u00e9sion ici :\u00a0<\/p>\t\t\t\t\t\t\t\t<\/div>\n\t\t\t\t<\/div>\n\t\t\t\t<div class=\"elementor-element elementor-element-b047719 elementor-align-left elementor-widget elementor-widget-elementskit-button\" data-id=\"b047719\" data-element_type=\"widget\" data-e-type=\"widget\" data-widget_type=\"elementskit-button.default\">\n\t\t\t\t<div class=\"elementor-widget-container\">\n\t\t\t\t\t<div class=\"ekit-wid-con\" >\t\t<div class=\"ekit-btn-wraper\">\n\t\t\t\t\t\t\t<a href=\"https:\/\/acrobat.adobe.com\/id\/urn:aaid:sc:EU:3f54d29d-2145-4bc7-bddd-d0d3922196b8\" class=\"elementskit-btn  whitespace--normal\" id=\"\">\n\t\t\t\t\tT\u00e9l\u00e9charger<i class=\"fasicon icon-arrow-right\"><\/i>\t\t\t\t<\/a>\n\t\t\t\t\t<\/div>\n        <\/div>\t\t\t\t<\/div>\n\t\t\t\t<\/div>\n\t\t\t\t<\/div>\n\t\t\t\t\t<\/div>\n\t\t\t\t<\/div>\n\t\t\t\t<section class=\"elementor-section elementor-top-section elementor-element elementor-element-b36474d elementor-section-boxed elementor-section-height-default elementor-section-height-default\" data-id=\"b36474d\" data-element_type=\"section\" data-e-type=\"section\" data-settings=\"{&quot;background_background&quot;:&quot;classic&quot;,&quot;shape_divider_top&quot;:&quot;waves&quot;,&quot;shape_divider_top_negative&quot;:&quot;yes&quot;,&quot;shape_divider_bottom&quot;:&quot;waves&quot;}\">\n\t\t\t\t\t\t\t<div class=\"elementor-background-overlay\"><\/div>\n\t\t\t\t\t\t<div class=\"elementor-shape elementor-shape-top\" aria-hidden=\"true\" data-negative=\"true\">\n\t\t\t<svg xmlns=\"http:\/\/www.w3.org\/2000\/svg\" viewBox=\"0 0 1000 100\" preserveAspectRatio=\"none\">\n\t<path class=\"elementor-shape-fill\" d=\"M790.5,93.1c-59.3-5.3-116.8-18-192.6-50c-29.6-12.7-76.9-31-100.5-35.9c-23.6-4.9-52.6-7.8-75.5-5.3\n\tc-10.2,1.1-22.6,1.4-50.1,7.4c-27.2,6.3-58.2,16.6-79.4,24.7c-41.3,15.9-94.9,21.9-134,22.6C72,58.2,0,25.8,0,25.8V100h1000V65.3\n\tc0,0-51.5,19.4-106.2,25.7C839.5,97,814.1,95.2,790.5,93.1z\"\/>\n<\/svg>\t\t<\/div>\n\t\t\t\t<div class=\"elementor-shape elementor-shape-bottom\" aria-hidden=\"true\" data-negative=\"false\">\n\t\t\t<svg xmlns=\"http:\/\/www.w3.org\/2000\/svg\" viewBox=\"0 0 1000 100\" preserveAspectRatio=\"none\">\n\t<path class=\"elementor-shape-fill\" d=\"M421.9,6.5c22.6-2.5,51.5,0.4,75.5,5.3c23.6,4.9,70.9,23.5,100.5,35.7c75.8,32.2,133.7,44.5,192.6,49.7\n\tc23.6,2.1,48.7,3.5,103.4-2.5c54.7-6,106.2-25.6,106.2-25.6V0H0v30.3c0,0,72,32.6,158.4,30.5c39.2-0.7,92.8-6.7,134-22.4\n\tc21.2-8.1,52.2-18.2,79.7-24.2C399.3,7.9,411.6,7.5,421.9,6.5z\"\/>\n<\/svg>\t\t<\/div>\n\t\t\t\t\t<div class=\"elementor-container elementor-column-gap-default\">\n\t\t\t\t\t<div class=\"elementor-column elementor-col-100 elementor-top-column elementor-element elementor-element-d14b96f\" data-id=\"d14b96f\" data-element_type=\"column\" data-e-type=\"column\">\n\t\t\t<div class=\"elementor-widget-wrap elementor-element-populated\">\n\t\t\t\t\t\t<div class=\"elementor-element elementor-element-481e5c5 elementor-widget elementor-widget-elementskit-testimonial\" data-id=\"481e5c5\" data-element_type=\"widget\" data-e-type=\"widget\" data-widget_type=\"elementskit-testimonial.default\">\n\t\t\t\t<div class=\"elementor-widget-container\">\n\t\t\t\t\t<div class=\"ekit-wid-con\" ><div  class=\"elementskit-testimonial-slider ekit_testimonial_style_6 arrow_inside \" data-config=\"{&quot;rtl&quot;:false,&quot;arrows&quot;:true,&quot;dots&quot;:false,&quot;pauseOnHover&quot;:true,&quot;autoplay&quot;:true,&quot;speed&quot;:&quot;2000&quot;,&quot;slidesPerGroup&quot;:1,&quot;slidesPerView&quot;:1,&quot;loop&quot;:false,&quot;spaceBetween&quot;:15,&quot;breakpoints&quot;:{&quot;320&quot;:{&quot;slidesPerView&quot;:&quot;1&quot;,&quot;slidesPerGroup&quot;:1,&quot;spaceBetween&quot;:10},&quot;768&quot;:{&quot;slidesPerView&quot;:&quot;1&quot;,&quot;slidesPerGroup&quot;:1,&quot;spaceBetween&quot;:10},&quot;1024&quot;:{&quot;slidesPerView&quot;:1,&quot;slidesPerGroup&quot;:1,&quot;spaceBetween&quot;:15}}}\">\n\t<div class=\"ekit-main-swiper swiper\">\n\t\t<div class=\"swiper-wrapper\">\n\t\t\t\t\t\t\t<div class=\"swiper-slide\">\n\t\t\t\t\t<div class=\"swiper-slide-inner\">\n\t\t\t\t\t\t<div class=\"elementskit-single-testimonial-slider elementskit-testimonial-slider-block-style elementskit-testimonial-slider-block-style-three  elementor-repeater-item-4c7022e\" >\n\t\t\t\t\t\t\t\t\t\t\t\t\t\t\n\t\t\t\t\t\t\t\t\t\t\t\t\t\t\t<div class=\"elementskit-profile-info\">\n\t\t\t\t\t\t\t\t\t\t\t\t\t\t\t\t\t\t<strong class=\"elementskit-author-name\">Commandes<\/strong>\n\t\t\t\t\t\t\t\t\t\t\t\t\t\t\t\t\t\t\t\t\t\t\t\t\t\t<\/div>\n\t\t\t\t\t\t\t\n\t\t\t\t\t\t\t\t\t\t\t\t\t\t\t<div class=\"elementskit-commentor-content\">\n\t\t\t\t\t\t\t\t\t\t\t\t\t\t\t\t\t\t<p>Les bons de commandes sont disponibles par mail, sur la page Facebook, aupr\u00e8s des r\u00e9f\u00e9rents de collectifs, ou centre sociaux et maisons des solidarit\u00e9s d\u00e8s le d\u00e9but du mois. Il est possible de passer commande pendant les deux premi\u00e8res semaines du mois.\n\nLes commandes arrivent vers la fin du mois, vous pouvez les r\u00e9cup\u00e9rer au centre de Toul ou aupr\u00e8s des r\u00e9f\u00e9rents de votre labo !<\/p>\n\t\t\t\t\t\t\t\t<\/div>\n\t\t\t\t\t\t\t\t\t\t\t\t\t<\/div>\n\t\t\t\t\t<\/div>\n\t\t\t\t<\/div>\n\t\t\t\t\t<\/div>\n\n\t\t\n\t\t\t\t\t<div class=\"swiper-navigation-button swiper-button-prev\">\n\t\t\t\t<i aria-hidden=\"true\" class=\"fasicon icon-chevron-left\"><\/i>\t\t\t<\/div>\n\t\t\t<div class=\"swiper-navigation-button swiper-button-next\">\n\t\t\t\t<i aria-hidden=\"true\" class=\"fasicon icon-chevron-right\"><\/i>\t\t\t<\/div>\n\t\t\t<\/div>\n<\/div>\n<\/div>\t\t\t\t<\/div>\n\t\t\t\t<\/div>\n\t\t\t\t\t<\/div>\n\t\t<\/div>\n\t\t\t\t\t<\/div>\n\t\t<\/section>\n\t\t\t\t<\/div>\n\t\t","protected":false},"excerpt":{"rendered":"<p>Les infos pratiques Vous pouvez t\u00e9l\u00e9charger la fiche d&rsquo;adh\u00e9sion ici :\u00a0 T\u00e9l\u00e9charger Commandes Les bons de commandes sont disponibles par [&hellip;]<\/p>\n","protected":false},"author":2,"featured_media":0,"parent":0,"menu_order":0,"comment_status":"closed","ping_status":"closed","template":"","meta":{"site-sidebar-layout":"no-sidebar","site-content-layout":"","ast-site-content-layout":"full-width-container","site-content-style":"default","site-sidebar-style":"default","ast-global-header-display":"","ast-banner-title-visibility":"","ast-main-header-display":"","ast-hfb-above-header-display":"","ast-hfb-below-header-display":"","ast-hfb-mobile-header-display":"","site-post-title":"disabled","ast-breadcrumbs-content":"","ast-featured-img":"disabled","footer-sml-layout":"","theme-transparent-header-meta":"","adv-header-id-meta":"","stick-header-meta":"","header-above-stick-meta":"","header-main-stick-meta":"","header-below-stick-meta":"","astra-migrate-meta-layouts":"default","ast-page-background-enabled":"default","ast-page-background-meta":{"desktop":{"background-color":"var(--ast-global-color-5)","background-image":"","background-repeat":"repeat","background-position":"center center","background-size":"auto","background-attachment":"scroll","background-type":"","background-media":"","overlay-type":"","overlay-color":"","overlay-opacity":"","overlay-gradient":""},"tablet":{"background-color":"","background-image":"","background-repeat":"repeat","background-position":"center center","background-size":"auto","background-attachment":"scroll","background-type":"","background-media":"","overlay-type":"","overlay-color":"","overlay-opacity":"","overlay-gradient":""},"mobile":{"background-color":"","background-image":"","background-repeat":"repeat","background-position":"center center","background-size":"auto","background-attachment":"scroll","background-type":"","background-media":"","overlay-type":"","overlay-color":"","overlay-opacity":"","overlay-gradient":""}},"ast-content-background-meta":{"desktop":{"background-color":"var(--ast-global-color-4)","background-image":"","background-repeat":"repeat","background-position":"center center","background-size":"auto","background-attachment":"scroll","background-type":"","background-media":"","overlay-type":"","overlay-color":"","overlay-opacity":"","overlay-gradient":""},"tablet":{"background-color":"var(--ast-global-color-4)","background-image":"","background-repeat":"repeat","background-position":"center center","background-size":"auto","background-attachment":"scroll","background-type":"","background-media":"","overlay-type":"","overlay-color":"","overlay-opacity":"","overlay-gradient":""},"mobile":{"background-color":"var(--ast-global-color-4)","background-image":"","background-repeat":"repeat","background-position":"center center","background-size":"auto","background-attachment":"scroll","background-type":"","background-media":"","overlay-type":"","overlay-color":"","overlay-opacity":"","overlay-gradient":""}},"footnotes":""},"class_list":["post-21","page","type-page","status-publish","hentry"],"yoast_head":"<!-- This site is optimized with the Yoast SEO plugin v27.1.1 - https:\/\/yoast.com\/product\/yoast-seo-wordpress\/ -->\n<title>Comment fonctionne Emplettes &amp; Cagettes - Infos Pratiques<\/title>\n<meta name=\"description\" content=\"D\u00e9couvrez comment fonctionne Emplettes &amp; Cagettes : adh\u00e9sion, contacts, documents utiles. toutes les infos pratiques au m\u00eame endroit.\" \/>\n<meta name=\"robots\" content=\"index, follow, max-snippet:-1, max-image-preview:large, max-video-preview:-1\" \/>\n<link rel=\"canonical\" href=\"https:\/\/www.tmp.emplettes-cagettes.fr\/index.php\/comment-fonctionne-emplettes-cagettes\/\" \/>\n<meta property=\"og:locale\" content=\"fr_FR\" \/>\n<meta property=\"og:type\" content=\"article\" \/>\n<meta property=\"og:title\" content=\"Comment fonctionne Emplettes &amp; Cagettes - Infos Pratiques\" \/>\n<meta property=\"og:description\" content=\"D\u00e9couvrez comment fonctionne Emplettes &amp; Cagettes : adh\u00e9sion, contacts, documents utiles. toutes les infos pratiques au m\u00eame endroit.\" \/>\n<meta property=\"og:url\" content=\"https:\/\/www.tmp.emplettes-cagettes.fr\/index.php\/comment-fonctionne-emplettes-cagettes\/\" \/>\n<meta property=\"og:site_name\" content=\"Emplettes &amp; Cagettes\" \/>\n<meta property=\"article:publisher\" content=\"https:\/\/www.facebook.com\/EmplettesetCagettes\/\" \/>\n<meta property=\"article:modified_time\" content=\"2026-02-26T15:42:52+00:00\" \/>\n<meta property=\"og:image\" content=\"https:\/\/www.tmp.emplettes-cagettes.fr\/wp-content\/uploads\/2026\/01\/Fiche-Adhesions.png\" \/>\n\t<meta property=\"og:image:width\" content=\"1414\" \/>\n\t<meta property=\"og:image:height\" content=\"2000\" \/>\n\t<meta property=\"og:image:type\" content=\"image\/png\" \/>\n<meta name=\"twitter:card\" content=\"summary_large_image\" \/>\n<meta name=\"twitter:label1\" content=\"Dur\u00e9e de lecture estim\u00e9e\" \/>\n\t<meta name=\"twitter:data1\" content=\"1 minute\" \/>\n<script type=\"application\/ld+json\" class=\"yoast-schema-graph\">{\"@context\":\"https:\/\/schema.org\",\"@graph\":[{\"@type\":\"WebPage\",\"@id\":\"https:\/\/www.tmp.emplettes-cagettes.fr\/index.php\/comment-fonctionne-emplettes-cagettes\/\",\"url\":\"https:\/\/www.tmp.emplettes-cagettes.fr\/index.php\/comment-fonctionne-emplettes-cagettes\/\",\"name\":\"Comment fonctionne Emplettes & Cagettes - Infos Pratiques\",\"isPartOf\":{\"@id\":\"https:\/\/www.tmp.emplettes-cagettes.fr\/#website\"},\"primaryImageOfPage\":{\"@id\":\"https:\/\/www.tmp.emplettes-cagettes.fr\/index.php\/comment-fonctionne-emplettes-cagettes\/#primaryimage\"},\"image\":{\"@id\":\"https:\/\/www.tmp.emplettes-cagettes.fr\/index.php\/comment-fonctionne-emplettes-cagettes\/#primaryimage\"},\"thumbnailUrl\":\"https:\/\/www.tmp.emplettes-cagettes.fr\/wp-content\/uploads\/2026\/01\/Fiche-Adhesions-724x1024.png\",\"datePublished\":\"2025-05-15T09:25:51+00:00\",\"dateModified\":\"2026-02-26T15:42:52+00:00\",\"description\":\"D\u00e9couvrez comment fonctionne Emplettes & Cagettes : adh\u00e9sion, contacts, documents utiles. toutes les infos pratiques au m\u00eame endroit.\",\"breadcrumb\":{\"@id\":\"https:\/\/www.tmp.emplettes-cagettes.fr\/index.php\/comment-fonctionne-emplettes-cagettes\/#breadcrumb\"},\"inLanguage\":\"fr-FR\",\"potentialAction\":[{\"@type\":\"ReadAction\",\"target\":[\"https:\/\/www.tmp.emplettes-cagettes.fr\/index.php\/comment-fonctionne-emplettes-cagettes\/\"]}]},{\"@type\":\"ImageObject\",\"inLanguage\":\"fr-FR\",\"@id\":\"https:\/\/www.tmp.emplettes-cagettes.fr\/index.php\/comment-fonctionne-emplettes-cagettes\/#primaryimage\",\"url\":\"https:\/\/www.tmp.emplettes-cagettes.fr\/wp-content\/uploads\/2026\/01\/Fiche-Adhesions.png\",\"contentUrl\":\"https:\/\/www.tmp.emplettes-cagettes.fr\/wp-content\/uploads\/2026\/01\/Fiche-Adhesions.png\",\"width\":1414,\"height\":2000},{\"@type\":\"BreadcrumbList\",\"@id\":\"https:\/\/www.tmp.emplettes-cagettes.fr\/index.php\/comment-fonctionne-emplettes-cagettes\/#breadcrumb\",\"itemListElement\":[{\"@type\":\"ListItem\",\"position\":1,\"name\":\"Accueil\",\"item\":\"https:\/\/www.tmp.emplettes-cagettes.fr\/\"},{\"@type\":\"ListItem\",\"position\":2,\"name\":\"Infos Pratiques\"}]},{\"@type\":\"WebSite\",\"@id\":\"https:\/\/www.tmp.emplettes-cagettes.fr\/#website\",\"url\":\"https:\/\/www.tmp.emplettes-cagettes.fr\/\",\"name\":\"Emplettes&Cagettes\",\"description\":\"Un site utilisant WordPress\",\"publisher\":{\"@id\":\"https:\/\/www.tmp.emplettes-cagettes.fr\/#organization\"},\"potentialAction\":[{\"@type\":\"SearchAction\",\"target\":{\"@type\":\"EntryPoint\",\"urlTemplate\":\"https:\/\/www.tmp.emplettes-cagettes.fr\/?s={search_term_string}\"},\"query-input\":{\"@type\":\"PropertyValueSpecification\",\"valueRequired\":true,\"valueName\":\"search_term_string\"}}],\"inLanguage\":\"fr-FR\"},{\"@type\":\"Organization\",\"@id\":\"https:\/\/www.tmp.emplettes-cagettes.fr\/#organization\",\"name\":\"Emplettes&Cagettes\",\"url\":\"https:\/\/www.tmp.emplettes-cagettes.fr\/\",\"logo\":{\"@type\":\"ImageObject\",\"inLanguage\":\"fr-FR\",\"@id\":\"https:\/\/www.tmp.emplettes-cagettes.fr\/#\/schema\/logo\/image\/\",\"url\":\"http:\/\/www.tmp.emplettes-cagettes.fr\/wp-content\/uploads\/2025\/05\/Logo-Couleur-500px.PNG.png\",\"contentUrl\":\"http:\/\/www.tmp.emplettes-cagettes.fr\/wp-content\/uploads\/2025\/05\/Logo-Couleur-500px.PNG.png\",\"width\":500,\"height\":342,\"caption\":\"Emplettes&Cagettes\"},\"image\":{\"@id\":\"https:\/\/www.tmp.emplettes-cagettes.fr\/#\/schema\/logo\/image\/\"},\"sameAs\":[\"https:\/\/www.facebook.com\/EmplettesetCagettes\/\",\"https:\/\/www.linkedin.com\/company\/emplettes-cagettes\/\"]}]}<\/script>\n<!-- \/ Yoast SEO plugin. -->","yoast_head_json":{"title":"Comment fonctionne Emplettes & Cagettes - Infos Pratiques","description":"D\u00e9couvrez comment fonctionne Emplettes & Cagettes : adh\u00e9sion, contacts, documents utiles. toutes les infos pratiques au m\u00eame endroit.","robots":{"index":"index","follow":"follow","max-snippet":"max-snippet:-1","max-image-preview":"max-image-preview:large","max-video-preview":"max-video-preview:-1"},"canonical":"https:\/\/www.tmp.emplettes-cagettes.fr\/index.php\/comment-fonctionne-emplettes-cagettes\/","og_locale":"fr_FR","og_type":"article","og_title":"Comment fonctionne Emplettes & Cagettes - Infos Pratiques","og_description":"D\u00e9couvrez comment fonctionne Emplettes & Cagettes : adh\u00e9sion, contacts, documents utiles. toutes les infos pratiques au m\u00eame endroit.","og_url":"https:\/\/www.tmp.emplettes-cagettes.fr\/index.php\/comment-fonctionne-emplettes-cagettes\/","og_site_name":"Emplettes &amp; Cagettes","article_publisher":"https:\/\/www.facebook.com\/EmplettesetCagettes\/","article_modified_time":"2026-02-26T15:42:52+00:00","og_image":[{"width":1414,"height":2000,"url":"https:\/\/www.tmp.emplettes-cagettes.fr\/wp-content\/uploads\/2026\/01\/Fiche-Adhesions.png","type":"image\/png"}],"twitter_card":"summary_large_image","twitter_misc":{"Dur\u00e9e de lecture estim\u00e9e":"1 minute"},"schema":{"@context":"https:\/\/schema.org","@graph":[{"@type":"WebPage","@id":"https:\/\/www.tmp.emplettes-cagettes.fr\/index.php\/comment-fonctionne-emplettes-cagettes\/","url":"https:\/\/www.tmp.emplettes-cagettes.fr\/index.php\/comment-fonctionne-emplettes-cagettes\/","name":"Comment fonctionne Emplettes & Cagettes - Infos Pratiques","isPartOf":{"@id":"https:\/\/www.tmp.emplettes-cagettes.fr\/#website"},"primaryImageOfPage":{"@id":"https:\/\/www.tmp.emplettes-cagettes.fr\/index.php\/comment-fonctionne-emplettes-cagettes\/#primaryimage"},"image":{"@id":"https:\/\/www.tmp.emplettes-cagettes.fr\/index.php\/comment-fonctionne-emplettes-cagettes\/#primaryimage"},"thumbnailUrl":"https:\/\/www.tmp.emplettes-cagettes.fr\/wp-content\/uploads\/2026\/01\/Fiche-Adhesions-724x1024.png","datePublished":"2025-05-15T09:25:51+00:00","dateModified":"2026-02-26T15:42:52+00:00","description":"D\u00e9couvrez comment fonctionne Emplettes & Cagettes : adh\u00e9sion, contacts, documents utiles. toutes les infos pratiques au m\u00eame endroit.","breadcrumb":{"@id":"https:\/\/www.tmp.emplettes-cagettes.fr\/index.php\/comment-fonctionne-emplettes-cagettes\/#breadcrumb"},"inLanguage":"fr-FR","potentialAction":[{"@type":"ReadAction","target":["https:\/\/www.tmp.emplettes-cagettes.fr\/index.php\/comment-fonctionne-emplettes-cagettes\/"]}]},{"@type":"ImageObject","inLanguage":"fr-FR","@id":"https:\/\/www.tmp.emplettes-cagettes.fr\/index.php\/comment-fonctionne-emplettes-cagettes\/#primaryimage","url":"https:\/\/www.tmp.emplettes-cagettes.fr\/wp-content\/uploads\/2026\/01\/Fiche-Adhesions.png","contentUrl":"https:\/\/www.tmp.emplettes-cagettes.fr\/wp-content\/uploads\/2026\/01\/Fiche-Adhesions.png","width":1414,"height":2000},{"@type":"BreadcrumbList","@id":"https:\/\/www.tmp.emplettes-cagettes.fr\/index.php\/comment-fonctionne-emplettes-cagettes\/#breadcrumb","itemListElement":[{"@type":"ListItem","position":1,"name":"Accueil","item":"https:\/\/www.tmp.emplettes-cagettes.fr\/"},{"@type":"ListItem","position":2,"name":"Infos Pratiques"}]},{"@type":"WebSite","@id":"https:\/\/www.tmp.emplettes-cagettes.fr\/#website","url":"https:\/\/www.tmp.emplettes-cagettes.fr\/","name":"Emplettes&Cagettes","description":"Un site utilisant WordPress","publisher":{"@id":"https:\/\/www.tmp.emplettes-cagettes.fr\/#organization"},"potentialAction":[{"@type":"SearchAction","target":{"@type":"EntryPoint","urlTemplate":"https:\/\/www.tmp.emplettes-cagettes.fr\/?s={search_term_string}"},"query-input":{"@type":"PropertyValueSpecification","valueRequired":true,"valueName":"search_term_string"}}],"inLanguage":"fr-FR"},{"@type":"Organization","@id":"https:\/\/www.tmp.emplettes-cagettes.fr\/#organization","name":"Emplettes&Cagettes","url":"https:\/\/www.tmp.emplettes-cagettes.fr\/","logo":{"@type":"ImageObject","inLanguage":"fr-FR","@id":"https:\/\/www.tmp.emplettes-cagettes.fr\/#\/schema\/logo\/image\/","url":"http:\/\/www.tmp.emplettes-cagettes.fr\/wp-content\/uploads\/2025\/05\/Logo-Couleur-500px.PNG.png","contentUrl":"http:\/\/www.tmp.emplettes-cagettes.fr\/wp-content\/uploads\/2025\/05\/Logo-Couleur-500px.PNG.png","width":500,"height":342,"caption":"Emplettes&Cagettes"},"image":{"@id":"https:\/\/www.tmp.emplettes-cagettes.fr\/#\/schema\/logo\/image\/"},"sameAs":["https:\/\/www.facebook.com\/EmplettesetCagettes\/","https:\/\/www.linkedin.com\/company\/emplettes-cagettes\/"]}]}},"_links":{"self":[{"href":"https:\/\/www.tmp.emplettes-cagettes.fr\/index.php\/wp-json\/wp\/v2\/pages\/21","targetHints":{"allow":["GET"]}}],"collection":[{"href":"https:\/\/www.tmp.emplettes-cagettes.fr\/index.php\/wp-json\/wp\/v2\/pages"}],"about":[{"href":"https:\/\/www.tmp.emplettes-cagettes.fr\/index.php\/wp-json\/wp\/v2\/types\/page"}],"author":[{"embeddable":true,"href":"https:\/\/www.tmp.emplettes-cagettes.fr\/index.php\/wp-json\/wp\/v2\/users\/2"}],"replies":[{"embeddable":true,"href":"https:\/\/www.tmp.emplettes-cagettes.fr\/index.php\/wp-json\/wp\/v2\/comments?post=21"}],"version-history":[{"count":61,"href":"https:\/\/www.tmp.emplettes-cagettes.fr\/index.php\/wp-json\/wp\/v2\/pages\/21\/revisions"}],"predecessor-version":[{"id":2092,"href":"https:\/\/www.tmp.emplettes-cagettes.fr\/index.php\/wp-json\/wp\/v2\/pages\/21\/revisions\/2092"}],"wp:attachment":[{"href":"https:\/\/www.tmp.emplettes-cagettes.fr\/index.php\/wp-json\/wp\/v2\/media?parent=21"}],"curies":[{"name":"wp","href":"https:\/\/api.w.org\/{rel}","templated":true}]}}